{"id":5,"date":"2014-02-23T01:18:12","date_gmt":"2014-02-23T01:18:12","guid":{"rendered":"http:\/\/www.physicus.pt\/?page_id=5"},"modified":"2017-07-17T10:26:46","modified_gmt":"2017-07-17T10:26:46","slug":"inicio","status":"publish","type":"page","link":"https:\/\/www.physicus.pt\/","title":{"rendered":"In\u00edcio"},"content":{"rendered":"<div id=\"pl-5\"  class=\"panel-layout\" >\n<div id=\"pg-5-0\"  class=\"panel-grid panel-no-style\" >\n<div id=\"pgc-5-0-0\"  class=\"panel-grid-cell\" >\n<div id=\"panel-5-0-0-0\" class=\"so-panel widget widget_black-studio-tinymce widget_black_studio_tinymce panel-first-child panel-last-child\" data-index=\"0\" >\n<div class=\"textwidget\">\n<p style=\"text-align: justify;\">O Fisioterapeuta centra-se na an\u00e1lise e avalia\u00e7\u00e3o do movimento e da postura, baseadas na estrutura e fun\u00e7\u00e3o do corpo, utilizando modalidades educativas e terap\u00eauticas espec\u00edficas, com base, essencialmente, no movimento, nas terapias manipulativas e em meios f\u00edsicos e naturais, com a finalidade de promo\u00e7\u00e3o da sa\u00fade e preven\u00e7\u00e3o da doen\u00e7a, da defici\u00eancia, de incapacidade e da inadapta\u00e7\u00e3o e de tratar, habilitar ou reabilitar indiv\u00edduos com disfun\u00e7\u00f5es de natureza f\u00edsica, mental, de desenvolvimento ou outras, incluindo a dor, com o objectivo de os ajudar a atingir a m\u00e1xima funcionalidade e qualidade de vida.<\/p>\n<p style=\"text-align: justify;\"><strong>Decreto-Lei n.o 564\/99, de 21 de Dezembro.<\/strong><\/p>\n<\/div>\n<\/div>\n<\/div>\n<div id=\"pgc-5-0-1\"  class=\"panel-grid-cell\" >\n<div id=\"panel-5-0-1-0\" class=\"so-panel widget widget_black-studio-tinymce widget_black_studio_tinymce panel-first-child panel-last-child\" data-index=\"1\" >\n<div class=\"textwidget\">\n<p>A Ortopedia \u00e9\u00a0a especialidade m\u00e9dica dedicada ao estudo e ao tratamento das deformidades cong\u00e9nitas ou adquiridas, dos Ossos, das Articula\u00e7\u00f5es, dos M\u00fasculos e dos Tend\u00f5es.<\/p>\n<\/div>\n<\/div>\n<\/div>\n<\/div>\n<\/div>\n","protected":false},"excerpt":{"rendered":"<p>O Fisioterapeuta centra-se na an\u00e1lise e avalia\u00e7\u00e3o do movimento e da postura, baseadas na estrutura e fun\u00e7\u00e3o do corpo, utilizando modalidades educativas e terap\u00eauticas espec\u00edficas, com base, essencialmente, no movimento, nas terapias manipulativas e em meios f\u00edsicos e naturais, com &hellip; <a href=\"https:\/\/www.physicus.pt\/\">Continue reading <span class=\"meta-nav\">&rarr;<\/span><\/a><\/p>\n","protected":false},"author":1,"featured_media":0,"parent":0,"menu_order":0,"comment_status":"closed","ping_status":"closed","template":"onecolumn-page.php","meta":[],"_links":{"self":[{"href":"https:\/\/www.physicus.pt\/index.php?rest_route=\/wp\/v2\/pages\/5"}],"collection":[{"href":"https:\/\/www.physicus.pt\/index.php?rest_route=\/wp\/v2\/pages"}],"about":[{"href":"https:\/\/www.physicus.pt\/index.php?rest_route=\/wp\/v2\/types\/page"}],"author":[{"embeddable":true,"href":"https:\/\/www.physicus.pt\/index.php?rest_route=\/wp\/v2\/users\/1"}],"replies":[{"embeddable":true,"href":"https:\/\/www.physicus.pt\/index.php?rest_route=%2Fwp%2Fv2%2Fcomments&post=5"}],"version-history":[{"count":10,"href":"https:\/\/www.physicus.pt\/index.php?rest_route=\/wp\/v2\/pages\/5\/revisions"}],"predecessor-version":[{"id":143,"href":"https:\/\/www.physicus.pt\/index.php?rest_route=\/wp\/v2\/pages\/5\/revisions\/143"}],"wp:attachment":[{"href":"https:\/\/www.physicus.pt\/index.php?rest_route=%2Fwp%2Fv2%2Fmedia&parent=5"}],"curies":[{"name":"wp","href":"https:\/\/api.w.org\/{rel}","templated":true}]}}