{"id":34,"date":"2014-03-12T20:39:21","date_gmt":"2014-03-12T20:39:21","guid":{"rendered":"http:\/\/www.physicus.pt\/?page_id=34"},"modified":"2020-07-07T01:51:38","modified_gmt":"2020-07-07T00:51:38","slug":"contactos","status":"publish","type":"page","link":"https:\/\/www.physicus.pt\/?page_id=34","title":{"rendered":"Contactos"},"content":{"rendered":"<div id=\"pl-34\"  class=\"panel-layout\" >\n<div id=\"pg-34-0\"  class=\"panel-grid panel-no-style\" >\n<div id=\"pgc-34-0-0\"  class=\"panel-grid-cell\" >\n<div id=\"panel-34-0-0-0\" class=\"so-panel widget widget_black-studio-tinymce widget_black_studio_tinymce panel-first-child panel-last-child\" data-index=\"0\" >\n<div class=\"textwidget\"><\/p>\n<p><strong>Telefone:\u00a0<\/strong>253 192 337<br \/><strong>Telem\u00f3vel:\u00a0<\/strong>926 511 606<br \/><strong>E-mail:<\/strong>\u00a0<a title=\"\" href=\"mailto:geral@physicus.pt\">geral@physicus.pt<\/a><\/p>\n<p><strong>Hor\u00e1rio Fisioterapia<\/strong><br \/>Dias \u00fateis das 08h30 \u00e0s 22h30<br \/>S\u00e1bado das 9h00 \u00e0s 12h30<\/p>\n<\/div>\n<\/div>\n<\/div>\n<div id=\"pgc-34-0-1\"  class=\"panel-grid-cell panel-grid-cell-mobile-last\" >\n<div id=\"panel-34-0-1-0\" class=\"so-panel widget widget_black-studio-tinymce widget_black_studio_tinymce panel-first-child panel-last-child\" data-index=\"1\" >\n<div class=\"textwidget\">\n<div class=\"wpforms-container wpforms-container-full\" id=\"wpforms-238\">\n<form id=\"wpforms-form-238\" class=\"wpforms-validate wpforms-form\" data-formid=\"238\" method=\"post\" enctype=\"multipart\/form-data\" action=\"\/index.php?rest_route=%2Fwp%2Fv2%2Fpages%2F34\"><noscript class=\"wpforms-error-noscript\">Please enable JavaScript in your browser to complete this form.<\/noscript><\/p>\n<div class=\"wpforms-field-container\">\n<div id=\"wpforms-238-field_0-container\" class=\"wpforms-field wpforms-field-name\" data-field-id=\"0\"><label class=\"wpforms-field-label\" for=\"wpforms-238-field_0\">Nome <span class=\"wpforms-required-label\">*<\/span><\/label><input type=\"text\" id=\"wpforms-238-field_0\" class=\"wpforms-field-medium wpforms-field-required\" name=\"wpforms[fields][0]\" required><\/div>\n<div id=\"wpforms-238-field_1-container\" class=\"wpforms-field wpforms-field-email\" data-field-id=\"1\"><label class=\"wpforms-field-label\" for=\"wpforms-238-field_1\">Email <span class=\"wpforms-required-label\">*<\/span><\/label><input type=\"email\" id=\"wpforms-238-field_1\" class=\"wpforms-field-medium wpforms-field-required\" name=\"wpforms[fields][1]\" required><\/div>\n<div id=\"wpforms-238-field_2-container\" class=\"wpforms-field wpforms-field-textarea\" data-field-id=\"2\"><label class=\"wpforms-field-label\" for=\"wpforms-238-field_2\">Mensagem <span class=\"wpforms-required-label\">*<\/span><\/label><textarea id=\"wpforms-238-field_2\" class=\"wpforms-field-medium wpforms-field-required\" name=\"wpforms[fields][2]\" required><\/textarea><\/div>\n<\/div>\n<div class=\"wpforms-field wpforms-field-hp\"><label for=\"wpforms-238-field-hp\" class=\"wpforms-field-label\">Website<\/label><input type=\"text\" name=\"wpforms[hp]\" id=\"wpforms-238-field-hp\" class=\"wpforms-field-medium\"><\/div>\n<div class=\"wpforms-submit-container\" ><input type=\"hidden\" name=\"wpforms[id]\" value=\"238\"><input type=\"hidden\" name=\"wpforms[author]\" value=\"1\"><button type=\"submit\" name=\"wpforms[submit]\" class=\"wpforms-submit \" id=\"wpforms-submit-238\" value=\"wpforms-submit\" aria-live=\"assertive\" data-alt-text=\"A enviar...\" data-submit-text=\"Enviar\">Enviar<\/button><\/div>\n<\/form>\n<\/div>\n<p>  <!-- .wpforms-container --><\/div>\n<\/div>\n<\/div>\n<div id=\"pgc-34-0-2\"  class=\"panel-grid-cell panel-grid-cell-empty\" ><\/div>\n<\/div>\n<\/div>\n","protected":false},"excerpt":{"rendered":"<p>Telefone:\u00a0253 192 337Telem\u00f3vel:\u00a0926 511 606E-mail:\u00a0geral@physicus.pt Hor\u00e1rio FisioterapiaDias \u00fateis das 08h30 \u00e0s 22h30S\u00e1bado das 9h00 \u00e0s 12h30<\/p>\n","protected":false},"author":1,"featured_media":0,"parent":0,"menu_order":5,"comment_status":"closed","ping_status":"closed","template":"onecolumn-page.php","meta":[],"_links":{"self":[{"href":"https:\/\/www.physicus.pt\/index.php?rest_route=\/wp\/v2\/pages\/34"}],"collection":[{"href":"https:\/\/www.physicus.pt\/index.php?rest_route=\/wp\/v2\/pages"}],"about":[{"href":"https:\/\/www.physicus.pt\/index.php?rest_route=\/wp\/v2\/types\/page"}],"author":[{"embeddable":true,"href":"https:\/\/www.physicus.pt\/index.php?rest_route=\/wp\/v2\/users\/1"}],"replies":[{"embeddable":true,"href":"https:\/\/www.physicus.pt\/index.php?rest_route=%2Fwp%2Fv2%2Fcomments&post=34"}],"version-history":[{"count":25,"href":"https:\/\/www.physicus.pt\/index.php?rest_route=\/wp\/v2\/pages\/34\/revisions"}],"predecessor-version":[{"id":242,"href":"https:\/\/www.physicus.pt\/index.php?rest_route=\/wp\/v2\/pages\/34\/revisions\/242"}],"wp:attachment":[{"href":"https:\/\/www.physicus.pt\/index.php?rest_route=%2Fwp%2Fv2%2Fmedia&parent=34"}],"curies":[{"name":"wp","href":"https:\/\/api.w.org\/{rel}","templated":true}]}}