{"id":22,"date":"2014-03-02T23:00:58","date_gmt":"2014-03-02T23:00:58","guid":{"rendered":"http:\/\/www.physicus.pt\/?page_id=22"},"modified":"2014-04-16T01:52:06","modified_gmt":"2014-04-16T01:52:06","slug":"o-que-fazemos","status":"publish","type":"page","link":"https:\/\/www.physicus.pt\/?page_id=22","title":{"rendered":"O que fazemos"},"content":{"rendered":"<div id=\"pl-22\"  class=\"panel-layout\" >\n<div id=\"pg-22-0\"  class=\"panel-grid panel-no-style\" >\n<div id=\"pgc-22-0-0\"  class=\"panel-grid-cell\" >\n<div id=\"panel-22-0-0-0\" class=\"so-panel widget widget_black-studio-tinymce widget_black_studio_tinymce panel-first-child panel-last-child\" data-index=\"0\" >\n<div class=\"textwidget\">\n<p style=\"text-align: justify;\"><strong>Fisioterapia<\/strong><\/p>\n<p style=\"text-align: justify;\">A Fisioterapia na Physicus \u00e9 realizada por profissionais especializados na \u00e1rea Desportiva, Ortop\u00e9dica e Traumatol\u00f3gica. <br \/>Onde cada paciente recebe um tratamento diferenciado, e onde se privilegia as terapias manuais.<\/p>\n<p style=\"text-align: justify;\">Para cada paciente \u00e9 delineado um programa de tratamento individual.<\/p>\n<p style=\"text-align: justify;\">As indica\u00e7\u00f5es mais frequentes para a Fisioterapia s\u00e3o:<\/p>\n<p style=\"padding-left: 30px;\"><span style=\"text-align: justify;\">Les\u00f5es decorrentes da pr\u00e1tica Desportiva;<\/span><br \/><span style=\"text-align: justify;\">P\u00f3s Operat\u00f3rios de Joelho, Tornozelo, P\u00e9, Anca, Coluna, Ombro, Cotovelo, M\u00e3o;<\/span><br \/><span style=\"text-align: justify;\">Les\u00f5es Cr\u00f3nicas ou Agudas nos Ligamentos, Tend\u00f5es, Meniscos, M\u00fasculos e Cartilagem.<\/span><\/p>\n<p style=\"text-align: justify;\">A Fisioterapia na Physicus diferencia-se tamb\u00e9m pelo contato direto do M\u00e9dico Ortopedista com o Fisioterapeuta para discuss\u00e3o e escolha do tratamento mais adequado \u00e0 les\u00e3o.<\/p>\n<p style=\"text-align: justify;\">A Ortopedia e a Fisioterapia t\u00eam por objectivo o de restabelecer o mais rapidamente quanto poss\u00edvel as fun\u00e7\u00f5es e o retorno \u00e0s actividades de vida di\u00e1ria ou desportivas.<\/p>\n<\/div>\n<\/div>\n<\/div>\n<div id=\"pgc-22-0-1\"  class=\"panel-grid-cell panel-grid-cell-empty panel-grid-cell-mobile-last\" ><\/div>\n<div id=\"pgc-22-0-2\"  class=\"panel-grid-cell panel-grid-cell-empty\" ><\/div>\n<\/div>\n<\/div>\n","protected":false},"excerpt":{"rendered":"<p>Fisioterapia A Fisioterapia na Physicus \u00e9 realizada por profissionais especializados na \u00e1rea Desportiva, Ortop\u00e9dica e Traumatol\u00f3gica. Onde cada paciente recebe um tratamento diferenciado, e onde se privilegia as terapias manuais. Para cada paciente \u00e9 delineado um programa de tratamento individual. &hellip; <a href=\"https:\/\/www.physicus.pt\/?page_id=22\">Continue reading <span class=\"meta-nav\">&rarr;<\/span><\/a><\/p>\n","protected":false},"author":1,"featured_media":0,"parent":0,"menu_order":2,"comment_status":"closed","ping_status":"closed","template":"onecolumn-page.php","meta":[],"_links":{"self":[{"href":"https:\/\/www.physicus.pt\/index.php?rest_route=\/wp\/v2\/pages\/22"}],"collection":[{"href":"https:\/\/www.physicus.pt\/index.php?rest_route=\/wp\/v2\/pages"}],"about":[{"href":"https:\/\/www.physicus.pt\/index.php?rest_route=\/wp\/v2\/types\/page"}],"author":[{"embeddable":true,"href":"https:\/\/www.physicus.pt\/index.php?rest_route=\/wp\/v2\/users\/1"}],"replies":[{"embeddable":true,"href":"https:\/\/www.physicus.pt\/index.php?rest_route=%2Fwp%2Fv2%2Fcomments&post=22"}],"version-history":[{"count":15,"href":"https:\/\/www.physicus.pt\/index.php?rest_route=\/wp\/v2\/pages\/22\/revisions"}],"predecessor-version":[{"id":146,"href":"https:\/\/www.physicus.pt\/index.php?rest_route=\/wp\/v2\/pages\/22\/revisions\/146"}],"wp:attachment":[{"href":"https:\/\/www.physicus.pt\/index.php?rest_route=%2Fwp%2Fv2%2Fmedia&parent=22"}],"curies":[{"name":"wp","href":"https:\/\/api.w.org\/{rel}","templated":true}]}}