{"id":2,"date":"2014-02-20T02:59:12","date_gmt":"2014-02-20T02:59:12","guid":{"rendered":"http:\/\/www.physicus.pt\/?page_id=2"},"modified":"2021-09-09T17:30:16","modified_gmt":"2021-09-09T16:30:16","slug":"quem-somos","status":"publish","type":"page","link":"https:\/\/www.physicus.pt\/?page_id=2","title":{"rendered":"Quem somos"},"content":{"rendered":"<div id=\"pl-2\"  class=\"panel-layout\" >\n<div id=\"pg-2-0\"  class=\"panel-grid panel-no-style\" >\n<div id=\"pgc-2-0-0\"  class=\"panel-grid-cell\" >\n<div id=\"panel-2-0-0-0\" class=\"so-panel widget widget_black-studio-tinymce widget_black_studio_tinymce panel-first-child panel-last-child\" data-index=\"0\" >\n<div class=\"textwidget\">\n<p style=\"text-align: justify;\"><strong>Physicus Cl\u00ednica M\u00e9dica<\/strong><\/p>\n<p style=\"text-align: justify;\">A Physicus Clinica M\u00e9dica surge a partir de uma necessidade.<\/p>\n<p style=\"text-align: justify;\"><strong>O Tratamento Diferenciado<\/strong><\/p>\n<p style=\"text-align: justify;\">Assim sendo, a avalia\u00e7\u00e3o pelo m\u00e9dico Ortopedista e a avalia\u00e7\u00e3o do Fisioterapeuta s\u00e3o os primeiros procedimentos.<\/p>\n<\/div>\n<\/div>\n<\/div>\n<div id=\"pgc-2-0-1\"  class=\"panel-grid-cell\" >\n<div id=\"panel-2-0-1-0\" class=\"so-panel widget widget_black-studio-tinymce widget_black_studio_tinymce panel-first-child panel-last-child\" data-index=\"1\" >\n<div class=\"textwidget\">\n<p style=\"text-align: justify;\"><strong>Fernando Martins<\/strong><\/p>\n<p style=\"padding-left: 30px;\">Fisioterapeuta P\u00f3s Graduado em Desporto pela ESTSP, Escola Superior de Tecnologia da Sa\u00fade do Porto;<\/p>\n<p style=\"padding-left: 30px;\"><span style=\"text-align: justify;\">Est\u00e1gio no Atl\u00e9tico de Madrid, em Espanha, temporada 2011\/2012;<\/span><\/p>\n<p style=\"padding-left: 30px;\"><span style=\"text-align: justify;\">Est\u00e1gio no Instituto Cohen, S\u00e3o Paulo, Brasil, em Fisioterapia Ortop\u00e9dica e Traumatol\u00f3gica no ano de 2013;<\/span><\/p>\n<p style=\"padding-left: 30px;\">Osteopata pela EOM (Escuela de Osteopatia de Madrid).<\/p>\n<\/div>\n<\/div>\n<\/div>\n<\/div>\n<\/div>\n","protected":false},"excerpt":{"rendered":"<p>Physicus Cl\u00ednica M\u00e9dica A Physicus Clinica M\u00e9dica surge a partir de uma necessidade. O Tratamento Diferenciado Assim sendo, a avalia\u00e7\u00e3o pelo m\u00e9dico Ortopedista e a avalia\u00e7\u00e3o do Fisioterapeuta s\u00e3o os primeiros procedimentos. Fernando Martins Fisioterapeuta P\u00f3s Graduado em Desporto pela &hellip; <a href=\"https:\/\/www.physicus.pt\/?page_id=2\">Continue reading <span class=\"meta-nav\">&rarr;<\/span><\/a><\/p>\n","protected":false},"author":1,"featured_media":0,"parent":0,"menu_order":1,"comment_status":"closed","ping_status":"closed","template":"onecolumn-page.php","meta":[],"_links":{"self":[{"href":"https:\/\/www.physicus.pt\/index.php?rest_route=\/wp\/v2\/pages\/2"}],"collection":[{"href":"https:\/\/www.physicus.pt\/index.php?rest_route=\/wp\/v2\/pages"}],"about":[{"href":"https:\/\/www.physicus.pt\/index.php?rest_route=\/wp\/v2\/types\/page"}],"author":[{"embeddable":true,"href":"https:\/\/www.physicus.pt\/index.php?rest_route=\/wp\/v2\/users\/1"}],"replies":[{"embeddable":true,"href":"https:\/\/www.physicus.pt\/index.php?rest_route=%2Fwp%2Fv2%2Fcomments&post=2"}],"version-history":[{"count":17,"href":"https:\/\/www.physicus.pt\/index.php?rest_route=\/wp\/v2\/pages\/2\/revisions"}],"predecessor-version":[{"id":248,"href":"https:\/\/www.physicus.pt\/index.php?rest_route=\/wp\/v2\/pages\/2\/revisions\/248"}],"wp:attachment":[{"href":"https:\/\/www.physicus.pt\/index.php?rest_route=%2Fwp%2Fv2%2Fmedia&parent=2"}],"curies":[{"name":"wp","href":"https:\/\/api.w.org\/{rel}","templated":true}]}}